{"id":7,"date":"2026-01-29T14:06:29","date_gmt":"2026-01-29T13:06:29","guid":{"rendered":"https:\/\/diversitydialog.at\/?page_id=7"},"modified":"2026-01-29T14:15:13","modified_gmt":"2026-01-29T13:15:13","slug":"landingpage","status":"publish","type":"page","link":"https:\/\/diversitydialog.at\/","title":{"rendered":"Landingpage"},"content":{"rendered":"\t\t<div data-elementor-type=\"wp-post\" data-elementor-id=\"7\" class=\"elementor elementor-7\">\n\t\t\t\t<div class=\"elementor-element elementor-element-4f69684 e-flex e-con-boxed e-con e-parent\" data-id=\"4f69684\" data-element_type=\"container\">\n\t\t\t\t\t<div class=\"e-con-inner\">\n\t\t\t\t<div class=\"elementor-element elementor-element-1c4bdb8 elementor-widget elementor-widget-image\" data-id=\"1c4bdb8\" data-element_type=\"widget\" data-widget_type=\"image.default\">\n\t\t\t\t\t\t\t\t\t\t\t\t\t\t\t<img fetchpriority=\"high\" decoding=\"async\" width=\"800\" height=\"760\" src=\"https:\/\/diversitydialog.at\/wp-content\/uploads\/2026\/01\/VereinsLogoFull.png\" class=\"attachment-large size-large wp-image-10\" alt=\"\" srcset=\"https:\/\/diversitydialog.at\/wp-content\/uploads\/2026\/01\/VereinsLogoFull.png 1010w, https:\/\/diversitydialog.at\/wp-content\/uploads\/2026\/01\/VereinsLogoFull-300x285.png 300w, https:\/\/diversitydialog.at\/wp-content\/uploads\/2026\/01\/VereinsLogoFull-768x730.png 768w\" sizes=\"(max-width: 800px) 100vw, 800px\" \/>\t\t\t\t\t\t\t\t\t\t\t\t\t\t\t<\/div>\n\t\t\t\t<div class=\"elementor-element elementor-element-daf52dd elementor-widget elementor-widget-heading\" data-id=\"daf52dd\" data-element_type=\"widget\" data-widget_type=\"heading.default\">\n\t\t\t\t\t<h2 class=\"elementor-heading-title elementor-size-default\"> Diversity Dialog bringt Menschen ins Gespr\u00e4ch, <br \/>macht Vielfalt sichtbar und <br \/>st\u00e4rkt ein demokratisches Miteinander auf Augenh\u00f6he.<\/h2>\t\t\t\t<\/div>\n\t\t\t\t\t<\/div>\n\t\t\t\t<\/div>\n\t\t\t\t<\/div>\n\t\t","protected":false},"excerpt":{"rendered":"<p>Diversity Dialog bringt Menschen ins Gespr\u00e4ch, macht Vielfalt sichtbar und st\u00e4rkt ein demokratisches Miteinander auf Augenh\u00f6he.<\/p>\n","protected":false},"author":1,"featured_media":0,"parent":0,"menu_order":0,"comment_status":"closed","ping_status":"closed","template":"elementor_canvas","meta":{"footnotes":""},"class_list":["post-7","page","type-page","status-publish","hentry"],"_links":{"self":[{"href":"https:\/\/diversitydialog.at\/index.php?rest_route=\/wp\/v2\/pages\/7","targetHints":{"allow":["GET"]}}],"collection":[{"href":"https:\/\/diversitydialog.at\/index.php?rest_route=\/wp\/v2\/pages"}],"about":[{"href":"https:\/\/diversitydialog.at\/index.php?rest_route=\/wp\/v2\/types\/page"}],"author":[{"embeddable":true,"href":"https:\/\/diversitydialog.at\/index.php?rest_route=\/wp\/v2\/users\/1"}],"replies":[{"embeddable":true,"href":"https:\/\/diversitydialog.at\/index.php?rest_route=%2Fwp%2Fv2%2Fcomments&post=7"}],"version-history":[{"count":8,"href":"https:\/\/diversitydialog.at\/index.php?rest_route=\/wp\/v2\/pages\/7\/revisions"}],"predecessor-version":[{"id":24,"href":"https:\/\/diversitydialog.at\/index.php?rest_route=\/wp\/v2\/pages\/7\/revisions\/24"}],"wp:attachment":[{"href":"https:\/\/diversitydialog.at\/index.php?rest_route=%2Fwp%2Fv2%2Fmedia&parent=7"}],"curies":[{"name":"wp","href":"https:\/\/api.w.org\/{rel}","templated":true}]}}